{"id":116,"date":"2019-03-14T18:33:33","date_gmt":"2019-03-14T17:33:33","guid":{"rendered":"http:\/\/championnats-occitanie.ovh\/?page_id=116"},"modified":"2024-04-11T20:57:01","modified_gmt":"2024-04-11T18:57:01","slug":"championnats-tete-a-tete","status":"publish","type":"page","link":"https:\/\/championnats-occitanie.ovh\/?page_id=116","title":{"rendered":"Championnats T\u00eate \u00e0 T\u00eate"},"content":{"rendered":"\r\n<h2 class=\"wp-block-heading\">2019<\/h2>\r\n\r\n\r\n\r\n<ul class=\"wp-block-list\">\r\n<li><a href=\"https:\/\/championnats-occitanie.ovh\/2019\/Page_Rslt_OCCI_2019_TAT_MASC.html\">Seniors<\/a><\/li>\r\n<li><a href=\"https:\/\/www.ffpjp-cd31.net\/wp-content\/uploads\/2019\/05\/R%C3%A9sultats-INDIVIDUEL-FEM-B%C3%A9ziers19.pdf\">F\u00e9minines<\/a><\/li>\r\n<\/ul>\r\n\r\n\r\n\r\n<p>&nbsp;<\/p>\r\n\r\n\r\n","protected":false},"excerpt":{"rendered":"<p>2019 Seniors F\u00e9minines &nbsp;<\/p>\n","protected":false},"author":1,"featured_media":0,"parent":0,"menu_order":0,"comment_status":"closed","ping_status":"closed","template":"","meta":{"_mc_calendar":[],"footnotes":""},"class_list":["bg-stuff"],"_links":{"self":[{"href":"https:\/\/championnats-occitanie.ovh\/index.php?rest_route=\/wp\/v2\/pages\/116","targetHints":{"allow":["GET"]}}],"collection":[{"href":"https:\/\/championnats-occitanie.ovh\/index.php?rest_route=\/wp\/v2\/pages"}],"about":[{"href":"https:\/\/championnats-occitanie.ovh\/index.php?rest_route=\/wp\/v2\/types\/page"}],"author":[{"embeddable":true,"href":"https:\/\/championnats-occitanie.ovh\/index.php?rest_route=\/wp\/v2\/users\/1"}],"replies":[{"embeddable":true,"href":"https:\/\/championnats-occitanie.ovh\/index.php?rest_route=%2Fwp%2Fv2%2Fcomments&post=116"}],"version-history":[{"count":7,"href":"https:\/\/championnats-occitanie.ovh\/index.php?rest_route=\/wp\/v2\/pages\/116\/revisions"}],"predecessor-version":[{"id":768,"href":"https:\/\/championnats-occitanie.ovh\/index.php?rest_route=\/wp\/v2\/pages\/116\/revisions\/768"}],"wp:attachment":[{"href":"https:\/\/championnats-occitanie.ovh\/index.php?rest_route=%2Fwp%2Fv2%2Fmedia&parent=116"}],"curies":[{"name":"wp","href":"https:\/\/api.w.org\/{rel}","templated":true}]}}