{"id":124,"date":"2019-03-14T18:38:58","date_gmt":"2019-03-14T17:38:58","guid":{"rendered":"http:\/\/championnats-occitanie.ovh\/?page_id=124"},"modified":"2019-05-22T20:56:12","modified_gmt":"2019-05-22T18:56:12","slug":"championnats-triplettes","status":"publish","type":"page","link":"https:\/\/championnats-occitanie.ovh\/?page_id=124","title":{"rendered":"Championnats Triplettes"},"content":{"rendered":"\r\n<h2 class=\"wp-block-heading\">2019<\/h2>\r\n\r\n\r\n\r\n<ul class=\"wp-block-list\">\r\n<li><a href=\"https:\/\/championnats-occitanie.ovh\/2019\/Page_Rslt_OCCI_2019_TRIP_MASC.html\" target=\"_blank\" rel=\"noreferrer noopener\" aria-label=\"S\u00e9niors (s\u2019ouvre dans un nouvel onglet)\">S\u00e9niors<\/a><\/li>\r\n<li><a href=\"https:\/\/championnats-occitanie.ovh\/2019\/Page_Rslt_OCCI_2019_TRIP_FEM.html\" target=\"_blank\" rel=\"noreferrer noopener\" aria-label=\"F\u00e9minines (s\u2019ouvre dans un nouvel onglet)\">F\u00e9minines<\/a><\/li>\r\n<li><a href=\"https:\/\/championnats-occitanie.ovh\/2019\/Page_Rslt_OCCI_2019_TRIP_VET.html\">V\u00e9t\u00e9rans<\/a><\/li>\r\n<li><a href=\"https:\/\/championnats-occitanie.ovh\/2019\/Page_Rslt_OCCI_2019_TRIP_PROMO.html\">Promotions<\/a><\/li>\r\n<\/ul>\r\n\r\n\r\n\r\n<h2 class=\"wp-block-heading\">\u00a0<\/h2>\r\n\r\n\r\n\r\n<p>&nbsp;<\/p>\r\n","protected":false},"excerpt":{"rendered":"<p>2019 S\u00e9niors F\u00e9minines V\u00e9t\u00e9rans Promotions \u00a0 &nbsp;<\/p>\n","protected":false},"author":1,"featured_media":0,"parent":0,"menu_order":0,"comment_status":"closed","ping_status":"closed","template":"","meta":{"_mc_calendar":[],"footnotes":""},"class_list":["bg-stuff"],"_links":{"self":[{"href":"https:\/\/championnats-occitanie.ovh\/index.php?rest_route=\/wp\/v2\/pages\/124","targetHints":{"allow":["GET"]}}],"collection":[{"href":"https:\/\/championnats-occitanie.ovh\/index.php?rest_route=\/wp\/v2\/pages"}],"about":[{"href":"https:\/\/championnats-occitanie.ovh\/index.php?rest_route=\/wp\/v2\/types\/page"}],"author":[{"embeddable":true,"href":"https:\/\/championnats-occitanie.ovh\/index.php?rest_route=\/wp\/v2\/users\/1"}],"replies":[{"embeddable":true,"href":"https:\/\/championnats-occitanie.ovh\/index.php?rest_route=%2Fwp%2Fv2%2Fcomments&post=124"}],"version-history":[{"count":6,"href":"https:\/\/championnats-occitanie.ovh\/index.php?rest_route=\/wp\/v2\/pages\/124\/revisions"}],"predecessor-version":[{"id":275,"href":"https:\/\/championnats-occitanie.ovh\/index.php?rest_route=\/wp\/v2\/pages\/124\/revisions\/275"}],"wp:attachment":[{"href":"https:\/\/championnats-occitanie.ovh\/index.php?rest_route=%2Fwp%2Fv2%2Fmedia&parent=124"}],"curies":[{"name":"wp","href":"https:\/\/api.w.org\/{rel}","templated":true}]}}