{"id":462,"date":"2021-05-10T16:03:55","date_gmt":"2021-05-10T14:03:55","guid":{"rendered":"http:\/\/championnats-occitanie.ovh\/?page_id=462"},"modified":"2025-05-17T21:11:35","modified_gmt":"2025-05-17T19:11:35","slug":"crc-v-poule-a","status":"publish","type":"page","link":"https:\/\/championnats-occitanie.ovh\/?page_id=462","title":{"rendered":"CRC V Poule A"},"content":{"rendered":"<table style=\"width: 34.3201%;\" width=\"347\">\n<tbody>\n<tr>\n<td style=\"width: 4.19355%;\" colspan=\"5\" width=\"347\"><a href=\"https:\/\/docs.google.com\/spreadsheets\/d\/1fyQoQVBxMcALCKysZuob3hg7aY--h4uF\/edit?usp=sharing&amp;ouid=105079772104213170733&amp;rtpof=true&amp;sd=true\" target=\"_blank\" rel=\"noopener\">Lezat sur L\u00e8ze (09)<\/a><\/td>\n<\/tr>\n<tr>\n<td style=\"width: 4.19355%;\" colspan=\"5\"><a href=\"https:\/\/docs.google.com\/spreadsheets\/d\/1mh28z-6nwi1gJACJooInalChi3fU1crk\/edit?usp=sharing&amp;ouid=105079772104213170733&amp;rtpof=true&amp;sd=true\" target=\"_blank\" rel=\"noopener\">St Girons (09)<\/a><\/td>\n<\/tr>\n<tr>\n<td style=\"width: 4.19355%;\" colspan=\"5\"><a href=\"https:\/\/docs.google.com\/spreadsheets\/d\/1GNVWN5EECGA4VApczGOTMebuQ7ziv11F\/edit?usp=sharing&amp;ouid=105079772104213170733&amp;rtpof=true&amp;sd=true\" target=\"_blank\" rel=\"noopener\">Lavernose (31)<\/a><\/td>\n<\/tr>\n<tr>\n<td style=\"width: 4.19355%;\" colspan=\"5\"><a href=\"https:\/\/docs.google.com\/spreadsheets\/d\/1zoxXFPEzurPVjLlCuodoiJY-RC6uWkh_\/edit?usp=sharing&amp;ouid=105079772104213170733&amp;rtpof=true&amp;sd=true\" target=\"_blank\" rel=\"noopener\">Lalanne Arqu\u00e9 (32)<\/a><\/td>\n<\/tr>\n<tr>\n<td style=\"width: 4.19355%;\" colspan=\"5\"><a href=\"https:\/\/docs.google.com\/spreadsheets\/d\/1fTqPgtsD22WaWNJYHh5yqVFfNB52ctWq\/edit?usp=sharing&amp;ouid=105079772104213170733&amp;rtpof=true&amp;sd=true\" target=\"_blank\" rel=\"noopener\">Pavie (32)<\/a><\/td>\n<\/tr>\n<tr>\n<td style=\"width: 4.19355%;\" colspan=\"5\"><a href=\"https:\/\/docs.google.com\/spreadsheets\/d\/1OKA8a08vm81U-CZ8XkPDdzc_LPOY1MC7\/edit?usp=sharing&amp;ouid=105079772104213170733&amp;rtpof=true&amp;sd=true\" target=\"_blank\" rel=\"noopener\">Argeles Gazost (65)<\/a><\/td>\n<\/tr>\n<tr>\n<td style=\"width: 4.19355%;\" colspan=\"5\"><a href=\"https:\/\/docs.google.com\/spreadsheets\/d\/1ssEQ1rpnZ6CVwYq4zAZaUrZr5H3ABWs4\/edit?usp=sharing&amp;ouid=105079772104213170733&amp;rtpof=true&amp;sd=true\" target=\"_blank\" rel=\"noopener\">Rabastens de Bigorre (65)<\/a><\/td>\n<\/tr>\n<tr>\n<td style=\"width: 4.19355%;\" colspan=\"5\"><a href=\"https:\/\/docs.google.com\/spreadsheets\/d\/1zvn0GL7MlsLlWUCjLrX1JLPdvDCjWalA\/edit?usp=sharing&amp;ouid=105079772104213170733&amp;rtpof=true&amp;sd=true\" target=\"_blank\" rel=\"noopener\">Salles-Adour (65)<\/a><\/td>\n<\/tr>\n<\/tbody>\n<\/table>\n<p>Nota bene :\u00a0 Si un club poss\u00e8de plusieurs \u00e9quipes \u00e9voluant dans la m\u00eame division, les joueurs ne peuvent pas changer d&rsquo;\u00e9quipes 2 joueurs maximum pourront changer d\u2019\u00e9quipe mais uniquement pour une division<br \/>\nsup\u00e9rieure et ils ne pourront plus en changer par la suite. De m\u00eame une \u00e9quipe ne pourra pas comporter<br \/>\nplus de 2 joueurs venant d\u2019une division inf\u00e9rieure.<\/p>\n","protected":false},"excerpt":{"rendered":"<p>Lezat sur L\u00e8ze (09) St Girons (09) Lavernose (31) Lalanne Arqu\u00e9 (32) Pavie (32) Argeles Gazost (65) Rabastens de Bigorre (65) Salles-Adour (65) Nota bene :\u00a0 Si un club poss\u00e8de plusieurs \u00e9quipes \u00e9voluant dans la m\u00eame division, les joueurs ne peuvent pas changer d&rsquo;\u00e9quipes 2 joueurs maximum pourront changer d\u2019\u00e9quipe mais uniquement pour une division [&hellip;]<\/p>\n","protected":false},"author":1,"featured_media":0,"parent":0,"menu_order":0,"comment_status":"closed","ping_status":"closed","template":"","meta":{"_mc_calendar":[],"footnotes":""},"class_list":["bg-stuff"],"_links":{"self":[{"href":"https:\/\/championnats-occitanie.ovh\/index.php?rest_route=\/wp\/v2\/pages\/462","targetHints":{"allow":["GET"]}}],"collection":[{"href":"https:\/\/championnats-occitanie.ovh\/index.php?rest_route=\/wp\/v2\/pages"}],"about":[{"href":"https:\/\/championnats-occitanie.ovh\/index.php?rest_route=\/wp\/v2\/types\/page"}],"author":[{"embeddable":true,"href":"https:\/\/championnats-occitanie.ovh\/index.php?rest_route=\/wp\/v2\/users\/1"}],"replies":[{"embeddable":true,"href":"https:\/\/championnats-occitanie.ovh\/index.php?rest_route=%2Fwp%2Fv2%2Fcomments&post=462"}],"version-history":[{"count":22,"href":"https:\/\/championnats-occitanie.ovh\/index.php?rest_route=\/wp\/v2\/pages\/462\/revisions"}],"predecessor-version":[{"id":894,"href":"https:\/\/championnats-occitanie.ovh\/index.php?rest_route=\/wp\/v2\/pages\/462\/revisions\/894"}],"wp:attachment":[{"href":"https:\/\/championnats-occitanie.ovh\/index.php?rest_route=%2Fwp%2Fv2%2Fmedia&parent=462"}],"curies":[{"name":"wp","href":"https:\/\/api.w.org\/{rel}","templated":true}]}}