{"id":54,"date":"2019-03-14T14:12:33","date_gmt":"2019-03-14T13:12:33","guid":{"rendered":"http:\/\/championnats-occitanie.ovh\/?page_id=54"},"modified":"2025-09-14T22:35:18","modified_gmt":"2025-09-14T20:35:18","slug":"groupe-a-3","status":"publish","type":"page","link":"https:\/\/championnats-occitanie.ovh\/?page_id=54","title":{"rendered":"CRC F Groupe A"},"content":{"rendered":"<table style=\"height: 276px; width: 41.737%;\" width=\"210\">\n<tbody>\n<tr>\n<td colspan=\"5\"><a href=\"https:\/\/docs.google.com\/spreadsheets\/d\/1XXCjraNZ-esyz49bt31Mr87AGiMns-Z9\/edit?usp=drive_link&amp;ouid=105079772104213170733&amp;rtpof=true&amp;sd=true\" target=\"_blank\" rel=\"noopener\">MONTESQUIEU AVANTES<\/a><\/td>\n<\/tr>\n<tr>\n<td colspan=\"5\"><a href=\"https:\/\/docs.google.com\/spreadsheets\/d\/11ESw-gjH8E28uBEfS7ZZaY70oSpAp86q\/edit?usp=drive_link&amp;ouid=105079772104213170733&amp;rtpof=true&amp;sd=true\" target=\"_blank\" rel=\"noopener\">SAINT GIRONS<\/a><\/td>\n<\/tr>\n<tr>\n<td colspan=\"5\"><a href=\"https:\/\/docs.google.com\/spreadsheets\/d\/1H4L6jij7BHe_yifAE6UNhCZhBFIVP4bl\/edit?usp=drive_link&amp;ouid=105079772104213170733&amp;rtpof=true&amp;sd=true\" target=\"_blank\" rel=\"noopener\">DAUX<\/a><\/td>\n<\/tr>\n<tr>\n<td colspan=\"5\"><a href=\"https:\/\/docs.google.com\/spreadsheets\/d\/1AQ-N3oziVGp7w0EWAjAG7oJGePuralfB\/edit?usp=drive_link&amp;ouid=105079772104213170733&amp;rtpof=true&amp;sd=true\" target=\"_blank\" rel=\"noopener\">AUCH LA HOURRE<\/a><\/td>\n<\/tr>\n<tr>\n<td colspan=\"5\"><a href=\"https:\/\/docs.google.com\/spreadsheets\/d\/1tXi39aGmvITuzH9e9azMzS4v03irYttX\/edit?usp=drive_link&amp;ouid=105079772104213170733&amp;rtpof=true&amp;sd=true\" target=\"_blank\" rel=\"noopener\">BASSOUES<\/a><\/td>\n<\/tr>\n<tr>\n<td colspan=\"5\"><a href=\"https:\/\/docs.google.com\/spreadsheets\/d\/1Cy2qg9a8ygAiVuk9menNWOS6sTRjBaNa\/edit?usp=drive_link&amp;ouid=105079772104213170733&amp;rtpof=true&amp;sd=true\" target=\"_blank\" rel=\"noopener\">BEZOLLES<\/a><\/td>\n<\/tr>\n<tr>\n<td colspan=\"5\"><a href=\"https:\/\/docs.google.com\/spreadsheets\/d\/1EUnrnafIWRYC4t0UdRsaVxWUF9uNZLT4\/edit?usp=drive_link&amp;ouid=105079772104213170733&amp;rtpof=true&amp;sd=true\" target=\"_blank\" rel=\"noopener\">LABARTHES DE NESTE<\/a><\/td>\n<\/tr>\n<tr>\n<td colspan=\"5\"><a href=\"https:\/\/docs.google.com\/spreadsheets\/d\/1tXXSYue7gJmX7Hzi70Lc7IPjdm2wduKN\/edit?usp=drive_link&amp;ouid=105079772104213170733&amp;rtpof=true&amp;sd=true\" target=\"_blank\" rel=\"noopener\">TARBES CB<\/a><\/td>\n<\/tr>\n<\/tbody>\n<\/table>\n<p>&nbsp;<\/p>\n<p>Les \u00e9quipes en vert n&rsquo;ont qu&rsquo;une \u00e9quipe engag\u00e9e en championnat des clubs<\/p>\n","protected":false},"excerpt":{"rendered":"<p>MONTESQUIEU AVANTES SAINT GIRONS DAUX AUCH LA HOURRE BASSOUES BEZOLLES LABARTHES DE NESTE TARBES CB &nbsp; Les \u00e9quipes en vert n&rsquo;ont qu&rsquo;une \u00e9quipe engag\u00e9e en championnat des clubs<\/p>\n","protected":false},"author":1,"featured_media":0,"parent":0,"menu_order":0,"comment_status":"closed","ping_status":"closed","template":"","meta":{"_mc_calendar":[],"footnotes":""},"class_list":["bg-stuff"],"_links":{"self":[{"href":"https:\/\/championnats-occitanie.ovh\/index.php?rest_route=\/wp\/v2\/pages\/54","targetHints":{"allow":["GET"]}}],"collection":[{"href":"https:\/\/championnats-occitanie.ovh\/index.php?rest_route=\/wp\/v2\/pages"}],"about":[{"href":"https:\/\/championnats-occitanie.ovh\/index.php?rest_route=\/wp\/v2\/types\/page"}],"author":[{"embeddable":true,"href":"https:\/\/championnats-occitanie.ovh\/index.php?rest_route=\/wp\/v2\/users\/1"}],"replies":[{"embeddable":true,"href":"https:\/\/championnats-occitanie.ovh\/index.php?rest_route=%2Fwp%2Fv2%2Fcomments&post=54"}],"version-history":[{"count":25,"href":"https:\/\/championnats-occitanie.ovh\/index.php?rest_route=\/wp\/v2\/pages\/54\/revisions"}],"predecessor-version":[{"id":939,"href":"https:\/\/championnats-occitanie.ovh\/index.php?rest_route=\/wp\/v2\/pages\/54\/revisions\/939"}],"wp:attachment":[{"href":"https:\/\/championnats-occitanie.ovh\/index.php?rest_route=%2Fwp%2Fv2%2Fmedia&parent=54"}],"curies":[{"name":"wp","href":"https:\/\/api.w.org\/{rel}","templated":true}]}}