{"id":673,"date":"2023-06-03T16:59:09","date_gmt":"2023-06-03T14:59:09","guid":{"rendered":"https:\/\/championnats-occitanie.ovh\/?page_id=673"},"modified":"2025-06-19T22:17:17","modified_gmt":"2025-06-19T20:17:17","slug":"crc-jp-poule-d","status":"publish","type":"page","link":"https:\/\/championnats-occitanie.ovh\/?page_id=673","title":{"rendered":"CRC JP Poule D"},"content":{"rendered":"<table style=\"border-collapse: collapse; width: 100%; height: 179px;\">\n<tbody>\n<tr style=\"height: 24px;\">\n<td style=\"width: 100%; height: 24px;\"><a href=\"https:\/\/docs.google.com\/spreadsheets\/d\/1-6lXFWGPwzW1LzzlswSgmwKXg_yRDmkU498SWFxp_k4\/edit?usp=sharing\" target=\"_blank\" rel=\"noopener\">Beaucaire (30)<\/a><\/td>\n<\/tr>\n<tr style=\"height: 24px;\">\n<td style=\"width: 100%; height: 24px;\"><a href=\"https:\/\/docs.google.com\/spreadsheets\/d\/1JibjQfo-Bl7zSU0bsnga5ofMIeH7ZMHr4PZBoTXdG_E\/edit?usp=sharing\" target=\"_blank\" rel=\"noopener\">Beauvoisin 2 (30)<\/a><\/td>\n<\/tr>\n<tr style=\"height: 24px;\">\n<td style=\"width: 100%; height: 12px;\"><a href=\"https:\/\/docs.google.com\/spreadsheets\/d\/1Rw9sEgNftHjhC2VulxCLOm-601j3u9VrFL_ToEumnAI\/edit?usp=sharing\" target=\"_blank\" rel=\"noopener\">Balaruc (34)<\/a><\/td>\n<\/tr>\n<tr style=\"height: 24px;\">\n<td style=\"width: 100%; height: 23px;\"><a href=\"https:\/\/docs.google.com\/spreadsheets\/d\/1iKSDNU0pJoPE4czlbWdADOHhkEkhHLbiA-9x5hhaVg8\/edit?usp=sharing\" target=\"_blank\" rel=\"noopener\">Lattes (34)<\/a><\/td>\n<\/tr>\n<tr style=\"height: 24px;\">\n<td style=\"width: 100%; height: 24px;\"><a href=\"https:\/\/docs.google.com\/spreadsheets\/d\/1zh5IyAV2VF3hJhmDdKxyVCIgvlUM-3Ea5f3rnhtgeL8\/edit?usp=sharing\" target=\"_blank\" rel=\"noopener\">Mende G\u00e9vaudan (48)<\/a><\/td>\n<\/tr>\n<tr style=\"height: 24px;\">\n<td style=\"width: 100%; height: 24px;\"><a href=\"https:\/\/docs.google.com\/spreadsheets\/d\/14vS7k0zl3cKkOgx6j931FlJ2_Q3nb4aWmP95DfZfs0c\/edit?usp=sharing\" target=\"_blank\" rel=\"noopener\">St Chely d&rsquo;Apcher (48)<\/a><\/td>\n<\/tr>\n<tr style=\"height: 24px;\">\n<td style=\"width: 100%; height: 24px;\"><a href=\"https:\/\/docs.google.com\/spreadsheets\/d\/1cuv-J6c4CNv1FW0vCq-RvuZ8aFfZEjZycP7EUayp9e8\/edit?usp=sharing\" target=\"_blank\" rel=\"noopener\">Perpignan Moulins \u00e0 vent (66)<\/a><\/td>\n<\/tr>\n<tr style=\"height: 24px;\">\n<td style=\"width: 100%; height: 24px;\"><a href=\"https:\/\/docs.google.com\/spreadsheets\/d\/1azTUQFE3RppBD6LWMj1csmHAbzH47nOfyEh1nyYXcr4\/edit?usp=sharing\" target=\"_blank\" rel=\"noopener\">Perpignan St Martin (66)<\/a><\/td>\n<\/tr>\n<\/tbody>\n<\/table>\n<p><span style=\"color: #00ff00;\">Les clubs en vert<\/span> ne comptent qu&rsquo;une seule \u00e9quipe pratiquant le jeu proven\u00e7al<\/p>\n","protected":false},"excerpt":{"rendered":"<p>Beaucaire (30) Beauvoisin 2 (30) Balaruc (34) Lattes (34) Mende G\u00e9vaudan (48) St Chely d&rsquo;Apcher (48) Perpignan Moulins \u00e0 vent (66) Perpignan St Martin (66) Les clubs en vert ne comptent qu&rsquo;une seule \u00e9quipe pratiquant le jeu proven\u00e7al<\/p>\n","protected":false},"author":1,"featured_media":0,"parent":0,"menu_order":0,"comment_status":"closed","ping_status":"closed","template":"","meta":{"_mc_calendar":[],"footnotes":""},"class_list":["bg-stuff"],"_links":{"self":[{"href":"https:\/\/championnats-occitanie.ovh\/index.php?rest_route=\/wp\/v2\/pages\/673","targetHints":{"allow":["GET"]}}],"collection":[{"href":"https:\/\/championnats-occitanie.ovh\/index.php?rest_route=\/wp\/v2\/pages"}],"about":[{"href":"https:\/\/championnats-occitanie.ovh\/index.php?rest_route=\/wp\/v2\/types\/page"}],"author":[{"embeddable":true,"href":"https:\/\/championnats-occitanie.ovh\/index.php?rest_route=\/wp\/v2\/users\/1"}],"replies":[{"embeddable":true,"href":"https:\/\/championnats-occitanie.ovh\/index.php?rest_route=%2Fwp%2Fv2%2Fcomments&post=673"}],"version-history":[{"count":17,"href":"https:\/\/championnats-occitanie.ovh\/index.php?rest_route=\/wp\/v2\/pages\/673\/revisions"}],"predecessor-version":[{"id":917,"href":"https:\/\/championnats-occitanie.ovh\/index.php?rest_route=\/wp\/v2\/pages\/673\/revisions\/917"}],"wp:attachment":[{"href":"https:\/\/championnats-occitanie.ovh\/index.php?rest_route=%2Fwp%2Fv2%2Fmedia&parent=673"}],"curies":[{"name":"wp","href":"https:\/\/api.w.org\/{rel}","templated":true}]}}