{"id":778,"date":"2024-05-22T11:12:00","date_gmt":"2024-05-22T09:12:00","guid":{"rendered":"https:\/\/championnats-occitanie.ovh\/?page_id=778"},"modified":"2025-05-17T21:44:29","modified_gmt":"2025-05-17T19:44:29","slug":"crc-v-poule-e","status":"publish","type":"page","link":"https:\/\/championnats-occitanie.ovh\/?page_id=778","title":{"rendered":"CRC V Poule E"},"content":{"rendered":"<table style=\"width: 33.7094%;\">\n<tbody>\n<tr>\n<td style=\"width: 3.28947%;\" colspan=\"5\" width=\"301\"><a href=\"https:\/\/docs.google.com\/spreadsheets\/d\/1PT2LGuTP3mD51CvYgeJwe_mADh6IMzP_\/edit?usp=sharing&amp;ouid=105079772104213170733&amp;rtpof=true&amp;sd=true\" target=\"_blank\" rel=\"noopener\">Millau (12)<\/a><\/td>\n<\/tr>\n<tr>\n<td style=\"width: 3.28947%;\" colspan=\"5\"><a href=\"https:\/\/docs.google.com\/spreadsheets\/d\/1xYREdijxeDJM_ChGuxQT9o6E1Tl77QkJ\/edit?usp=sharing&amp;ouid=105079772104213170733&amp;rtpof=true&amp;sd=true\" target=\"_blank\" rel=\"noopener\">Laudun (30)<\/a><\/td>\n<\/tr>\n<tr>\n<td style=\"width: 3.28947%;\" colspan=\"5\"><a href=\"https:\/\/docs.google.com\/spreadsheets\/d\/1ZMsGGMQX104Z5_UafEJZkPbxr4qIwzE0\/edit?usp=sharing&amp;ouid=105079772104213170733&amp;rtpof=true&amp;sd=true\" target=\"_blank\" rel=\"noopener\">St C\u00e9zaire (30)<\/a><\/td>\n<\/tr>\n<tr>\n<td style=\"width: 3.28947%;\" colspan=\"5\"><a href=\"https:\/\/docs.google.com\/spreadsheets\/d\/18qHO8Zh4t0ucPFN6aSuFmi6DaS_zdpbd\/edit?usp=sharing&amp;ouid=105079772104213170733&amp;rtpof=true&amp;sd=true\" target=\"_blank\" rel=\"noopener\">Moli\u00e8res Cavaillac (30)<\/a><\/td>\n<\/tr>\n<tr>\n<td style=\"width: 3.28947%;\" colspan=\"5\"><a href=\"https:\/\/docs.google.com\/spreadsheets\/d\/10mThbpfX8TyRPL5sPXAGwcj5_VRT6ROp\/edit?usp=sharing&amp;ouid=105079772104213170733&amp;rtpof=true&amp;sd=true\" target=\"_blank\" rel=\"noopener\">Serignan (30)<\/a><\/td>\n<\/tr>\n<tr>\n<td style=\"width: 3.28947%;\" colspan=\"5\"><a href=\"https:\/\/docs.google.com\/spreadsheets\/d\/19q3BrA75c9bJpsqaukBgF2nsJ14nQ4T6\/edit?usp=sharing&amp;ouid=105079772104213170733&amp;rtpof=true&amp;sd=true\" target=\"_blank\" rel=\"noopener\">Marvejols (48)<\/a><\/td>\n<\/tr>\n<tr>\n<td style=\"width: 3.28947%;\" colspan=\"5\"><a href=\"https:\/\/docs.google.com\/spreadsheets\/d\/19U03V0bB7XFJK1Qr4qbdqIN4me27cvIv\/edit?usp=sharing&amp;ouid=105079772104213170733&amp;rtpof=true&amp;sd=true\" target=\"_blank\" rel=\"noopener\">St Chely d&rsquo;Apcher (48)<\/a><\/td>\n<\/tr>\n<tr>\n<td style=\"width: 3.28947%;\" colspan=\"5\"><a href=\"https:\/\/docs.google.com\/spreadsheets\/d\/1NjeE7iUS3xM1AUpzd_BVupNVgJyjr7c8\/edit?usp=sharing&amp;ouid=105079772104213170733&amp;rtpof=true&amp;sd=true\" target=\"_blank\" rel=\"noopener\">St Germain du Teil (48)<\/a><\/td>\n<\/tr>\n<\/tbody>\n<\/table>\n<p>Nota bene :\u00a0 Si un club poss\u00e8de plusieurs \u00e9quipes \u00e9voluant dans la m\u00eame division, les joueurs ne peuvent pas changer d&rsquo;\u00e9quipes 2 joueurs maximum pourront changer d\u2019\u00e9quipe mais uniquement pour une division<br \/>\nsup\u00e9rieure et ils ne pourront plus en changer par la suite. De m\u00eame une \u00e9quipe ne pourra pas comporter<br \/>\nplus de 2 joueurs venant d\u2019une division inf\u00e9rieure.<\/p>\n","protected":false},"excerpt":{"rendered":"<p>Millau (12) Laudun (30) St C\u00e9zaire (30) Moli\u00e8res Cavaillac (30) Serignan (30) Marvejols (48) St Chely d&rsquo;Apcher (48) St Germain du Teil (48) Nota bene :\u00a0 Si un club poss\u00e8de plusieurs \u00e9quipes \u00e9voluant dans la m\u00eame division, les joueurs ne peuvent pas changer d&rsquo;\u00e9quipes 2 joueurs maximum pourront changer d\u2019\u00e9quipe mais uniquement pour une division [&hellip;]<\/p>\n","protected":false},"author":1,"featured_media":0,"parent":0,"menu_order":0,"comment_status":"closed","ping_status":"closed","template":"","meta":{"_mc_calendar":[],"footnotes":""},"class_list":["bg-stuff"],"_links":{"self":[{"href":"https:\/\/championnats-occitanie.ovh\/index.php?rest_route=\/wp\/v2\/pages\/778","targetHints":{"allow":["GET"]}}],"collection":[{"href":"https:\/\/championnats-occitanie.ovh\/index.php?rest_route=\/wp\/v2\/pages"}],"about":[{"href":"https:\/\/championnats-occitanie.ovh\/index.php?rest_route=\/wp\/v2\/types\/page"}],"author":[{"embeddable":true,"href":"https:\/\/championnats-occitanie.ovh\/index.php?rest_route=\/wp\/v2\/users\/1"}],"replies":[{"embeddable":true,"href":"https:\/\/championnats-occitanie.ovh\/index.php?rest_route=%2Fwp%2Fv2%2Fcomments&post=778"}],"version-history":[{"count":10,"href":"https:\/\/championnats-occitanie.ovh\/index.php?rest_route=\/wp\/v2\/pages\/778\/revisions"}],"predecessor-version":[{"id":900,"href":"https:\/\/championnats-occitanie.ovh\/index.php?rest_route=\/wp\/v2\/pages\/778\/revisions\/900"}],"wp:attachment":[{"href":"https:\/\/championnats-occitanie.ovh\/index.php?rest_route=%2Fwp%2Fv2%2Fmedia&parent=778"}],"curies":[{"name":"wp","href":"https:\/\/api.w.org\/{rel}","templated":true}]}}